{"id":273,"date":"2020-11-17T14:05:46","date_gmt":"2020-11-17T13:05:46","guid":{"rendered":"http:\/\/www.labernassiere.fr\/?post_type=product&#038;p=273"},"modified":"2020-11-17T14:05:46","modified_gmt":"2020-11-17T13:05:46","slug":"petits-palets","status":"publish","type":"product","link":"https:\/\/www.labernassiere.fr\/index.php\/produit\/petits-palets\/","title":{"rendered":"Petits Palets"},"content":{"rendered":"","protected":false},"excerpt":{"rendered":"<p>Pour vos ap\u00e9ritifs entre amis nos petits palets seront tr\u00e8s appr\u00e9ci\u00e9s<\/p>\n","protected":false},"featured_media":268,"template":"","meta":{"_et_pb_use_builder":"","_et_pb_old_content":"","_et_gb_content_width":""},"_links":{"self":[{"href":"https:\/\/www.labernassiere.fr\/index.php\/wp-json\/wp\/v2\/product\/273"}],"collection":[{"href":"https:\/\/www.labernassiere.fr\/index.php\/wp-json\/wp\/v2\/product"}],"about":[{"href":"https:\/\/www.labernassiere.fr\/index.php\/wp-json\/wp\/v2\/types\/product"}],"wp:featuredmedia":[{"embeddable":true,"href":"https:\/\/www.labernassiere.fr\/index.php\/wp-json\/wp\/v2\/media\/268"}],"wp:attachment":[{"href":"https:\/\/www.labernassiere.fr\/index.php\/wp-json\/wp\/v2\/media?parent=273"}],"curies":[{"name":"wp","href":"https:\/\/api.w.org\/{rel}","templated":true}]}}