{"id":263,"date":"2020-11-17T13:54:48","date_gmt":"2020-11-17T12:54:48","guid":{"rendered":"http:\/\/www.labernassiere.fr\/?post_type=product&#038;p=263"},"modified":"2020-11-17T13:54:49","modified_gmt":"2020-11-17T12:54:49","slug":"chevres-frais-panes","status":"publish","type":"product","link":"https:\/\/www.labernassiere.fr\/index.php\/produit\/chevres-frais-panes\/","title":{"rendered":"Ch\u00e8vres frais Pan\u00e9s"},"content":{"rendered":"","protected":false},"excerpt":{"rendered":"<p>D\u00e9couvrez nos petits ch\u00e8vres frais pan\u00e9s \u00e0 d\u00e9guster chauds<\/p>\n","protected":false},"featured_media":209,"template":"","meta":{"_et_pb_use_builder":"","_et_pb_old_content":"","_et_gb_content_width":""},"_links":{"self":[{"href":"https:\/\/www.labernassiere.fr\/index.php\/wp-json\/wp\/v2\/product\/263"}],"collection":[{"href":"https:\/\/www.labernassiere.fr\/index.php\/wp-json\/wp\/v2\/product"}],"about":[{"href":"https:\/\/www.labernassiere.fr\/index.php\/wp-json\/wp\/v2\/types\/product"}],"wp:featuredmedia":[{"embeddable":true,"href":"https:\/\/www.labernassiere.fr\/index.php\/wp-json\/wp\/v2\/media\/209"}],"wp:attachment":[{"href":"https:\/\/www.labernassiere.fr\/index.php\/wp-json\/wp\/v2\/media?parent=263"}],"curies":[{"name":"wp","href":"https:\/\/api.w.org\/{rel}","templated":true}]}}