{"id":224,"date":"2020-11-15T16:52:10","date_gmt":"2020-11-15T15:52:10","guid":{"rendered":"http:\/\/www.labernassiere.fr\/?post_type=product&#038;p=224"},"modified":"2020-11-17T14:38:42","modified_gmt":"2020-11-17T13:38:42","slug":"buche-de-chevre","status":"publish","type":"product","link":"https:\/\/www.labernassiere.fr\/index.php\/produit\/buche-de-chevre\/","title":{"rendered":"B\u00fbche de ch\u00e8vre"},"content":{"rendered":"<p>Nous vous proposons 4 sortes de b\u00fbches (Frais, Frais cendr\u00e9 et demi sec)<\/p>\n","protected":false},"excerpt":{"rendered":"<p>Nous vous proposons 4 sortes de b\u00fbches (Frais, Frais cendr\u00e9, demi sec et sec)<\/p>\n","protected":false},"featured_media":282,"template":"","meta":{"_et_pb_use_builder":"","_et_pb_old_content":"","_et_gb_content_width":""},"_links":{"self":[{"href":"https:\/\/www.labernassiere.fr\/index.php\/wp-json\/wp\/v2\/product\/224"}],"collection":[{"href":"https:\/\/www.labernassiere.fr\/index.php\/wp-json\/wp\/v2\/product"}],"about":[{"href":"https:\/\/www.labernassiere.fr\/index.php\/wp-json\/wp\/v2\/types\/product"}],"wp:featuredmedia":[{"embeddable":true,"href":"https:\/\/www.labernassiere.fr\/index.php\/wp-json\/wp\/v2\/media\/282"}],"wp:attachment":[{"href":"https:\/\/www.labernassiere.fr\/index.php\/wp-json\/wp\/v2\/media?parent=224"}],"curies":[{"name":"wp","href":"https:\/\/api.w.org\/{rel}","templated":true}]}}