{"id":214,"date":"2020-11-15T16:32:23","date_gmt":"2020-11-15T15:32:23","guid":{"rendered":"http:\/\/www.labernassiere.fr\/?post_type=product&#038;p=214"},"modified":"2020-11-15T16:53:47","modified_gmt":"2020-11-15T15:53:47","slug":"bouchons-aperitifs","status":"publish","type":"product","link":"https:\/\/www.labernassiere.fr\/index.php\/produit\/bouchons-aperitifs\/","title":{"rendered":"Bouchons Ap\u00e9ritifs"},"content":{"rendered":"<p>Parfait pour un ap\u00e9ritif convivial, nos bouchons ap\u00e9ritifs aromatis\u00e9s rendront ce moment encore plus festifs. A faire d\u00e9couvrir \u00e0 vos Amis dont la premi\u00e8re\u00a0question sera : O\u00f9 avez vous acheter ce produits ? \ud83d\ude42<\/p>\n<p>&nbsp;<\/p>\n","protected":false},"excerpt":{"rendered":"<p>Id\u00e9al pour l&rsquo;ap\u00e9ritif<\/p>\n","protected":false},"featured_media":208,"template":"","meta":{"_et_pb_use_builder":"","_et_pb_old_content":"","_et_gb_content_width":""},"_links":{"self":[{"href":"https:\/\/www.labernassiere.fr\/index.php\/wp-json\/wp\/v2\/product\/214"}],"collection":[{"href":"https:\/\/www.labernassiere.fr\/index.php\/wp-json\/wp\/v2\/product"}],"about":[{"href":"https:\/\/www.labernassiere.fr\/index.php\/wp-json\/wp\/v2\/types\/product"}],"wp:featuredmedia":[{"embeddable":true,"href":"https:\/\/www.labernassiere.fr\/index.php\/wp-json\/wp\/v2\/media\/208"}],"wp:attachment":[{"href":"https:\/\/www.labernassiere.fr\/index.php\/wp-json\/wp\/v2\/media?parent=214"}],"curies":[{"name":"wp","href":"https:\/\/api.w.org\/{rel}","templated":true}]}}