{"id":2,"date":"2020-10-24T18:41:17","date_gmt":"2020-10-24T16:41:17","guid":{"rendered":"http:\/\/www.labernassiere.fr\/?page_id=2"},"modified":"2020-10-25T16:37:46","modified_gmt":"2020-10-25T15:37:46","slug":"page-d-exemple","status":"publish","type":"page","link":"https:\/\/www.labernassiere.fr\/","title":{"rendered":"Accueil"},"content":{"rendered":"\n[et_pb_section fb_built=\u00a0\u00bb1&Prime; _builder_version=\u00a0\u00bb3.22&Prime;][et_pb_row _builder_version=\u00a0\u00bb4.6.6&Prime; background_size=\u00a0\u00bbinitial\u00a0\u00bb background_position=\u00a0\u00bbtop_left\u00a0\u00bb background_repeat=\u00a0\u00bbrepeat\u00a0\u00bb hover_enabled=\u00a0\u00bb0&Prime; column_structure=\u00a0\u00bb1_3,2_3&Prime; width=\u00a0\u00bb90%\u00a0\u00bb max_width=\u00a0\u00bb1376px\u00a0\u00bb sticky_enabled=\u00a0\u00bb0&Prime; custom_margin=\u00a0\u00bb|40px||40px|false|false\u00a0\u00bb module_alignment=\u00a0\u00bbcenter\u00a0\u00bb][et_pb_column type=\u00a0\u00bb1_3&Prime; _builder_version=\u00a0\u00bb3.25&Prime; custom_padding=\u00a0\u00bb|||\u00a0\u00bb custom_padding__hover=\u00a0\u00bb|||\u00a0\u00bb][et_pb_image src=\u00a0\u00bbhttp:\/\/www.labernassiere.fr\/wp-content\/uploads\/2020\/10\/Ferme_la_bernassiere-scaled.jpg\u00a0\u00bb _builder_version=\u00a0\u00bb4.6.6&Prime; _module_preset=\u00a0\u00bbdefault\u00a0\u00bb title_text=\u00a0\u00bbFerme_la_bernassiere\u00a0\u00bb hover_enabled=\u00a0\u00bb0&Prime; sticky_enabled=\u00a0\u00bb0&Prime; width=\u00a0\u00bb100%\u00a0\u00bb][\/et_pb_image][\/et_pb_column][et_pb_column type=\u00a0\u00bb2_3&Prime; _builder_version=\u00a0\u00bb3.25&Prime; custom_padding=\u00a0\u00bb|||\u00a0\u00bb custom_padding__hover=\u00a0\u00bb|||\u00a0\u00bb][et_pb_text _builder_version=\u00a0\u00bb4.6.6&Prime; background_size=\u00a0\u00bbinitial\u00a0\u00bb background_position=\u00a0\u00bbtop_left\u00a0\u00bb background_repeat=\u00a0\u00bbrepeat\u00a0\u00bb hover_enabled=\u00a0\u00bb0&Prime; sticky_enabled=\u00a0\u00bb0&Prime; custom_padding=\u00a0\u00bb||0px|||\u00a0\u00bb]<h1>Bienvenue \u00e0 la Ferme de la Bernassiere<\/h1>\n<p><!-- \/divi:quote --><\/p>\n<p>Depuis quatre g\u00e9n\u00e9rations, notre ferme est install\u00e9e \u00e0 Druye au lieu dit \u00ab\u00a0La Bernassi\u00e8re\u00a0\u00bb, \u00e0 proximit\u00e9 de Villandry et Azay le Rideau. Nous produisons\u00a0 et proposons \u00e0 la vente directe des fromages de ch\u00e8vres mais aussi de la charcuterie et viande de ch\u00e8vre. Tous nos produits sont r\u00e9alis\u00e9s de fa\u00e7on traditionnelle<\/p>\n<p>Vous trouverez nos produits fermiers en vente directe \u00e0 la ferme dans notre magasin, mais aussi vous pouvez nous rencontrer sur les march\u00e9s de :<\/p>\n<ul>\n<li>Jou\u00e9 les Tours centre (Mercredi et Dimanche matin)<\/li>\n<li>Jou\u00e9 les Tours \u00ab\u00a0Vall\u00e9e Violette\u00a0\u00bb\u00a0 (Samedi matin)<\/li>\n<li>Savonni\u00e8re (Samedi matin)<\/li>\n<\/ul>\n<p><!-- \/divi:paragraph --><\/p>\n[\/et_pb_text][\/et_pb_column][\/et_pb_row][et_pb_row _builder_version=\u00a0\u00bb4.6.6&Prime; _module_preset=\u00a0\u00bbdefault\u00a0\u00bb column_structure=\u00a0\u00bb1_2,1_2&Prime; width=\u00a0\u00bb90%\u00a0\u00bb max_width=\u00a0\u00bb1376px\u00a0\u00bb module_alignment=\u00a0\u00bbcenter\u00a0\u00bb custom_margin=\u00a0\u00bb|40px||40px|false|false\u00a0\u00bb hover_enabled=\u00a0\u00bb0&Prime; sticky_enabled=\u00a0\u00bb0&Prime;][et_pb_column _builder_version=\u00a0\u00bb4.6.6&Prime; _module_preset=\u00a0\u00bbdefault\u00a0\u00bb type=\u00a0\u00bb1_2&Prime;][et_pb_post_slider _builder_version=\u00a0\u00bb4.6.6&Prime; _module_preset=\u00a0\u00bbdefault\u00a0\u00bb include_categories=\u00a0\u00bball\u00a0\u00bb hover_enabled=\u00a0\u00bb0&Prime; sticky_enabled=\u00a0\u00bb0&Prime; custom_margin=\u00a0\u00bb50px||0px||false|false\u00a0\u00bb][\/et_pb_post_slider][\/et_pb_column][et_pb_column _builder_version=\u00a0\u00bb4.6.6&Prime; _module_preset=\u00a0\u00bbdefault\u00a0\u00bb type=\u00a0\u00bb1_2&Prime;][et_pb_tabs _builder_version=\u00a0\u00bb4.6.6&Prime; _module_preset=\u00a0\u00bbdefault\u00a0\u00bb hover_enabled=\u00a0\u00bb0&Prime; sticky_enabled=\u00a0\u00bb0&Prime;][et_pb_tab title=\u00a0\u00bbNos produits\u00a0\u00bb _builder_version=\u00a0\u00bb4.6.6&Prime; _module_preset=\u00a0\u00bbdefault\u00a0\u00bb hover_enabled=\u00a0\u00bb0&Prime; sticky_enabled=\u00a0\u00bb0&Prime;]<p>Nous vous proposons de venir d\u00e9couvrir nos differents produits:<\/p>\n<ul>\n<li>Fromages de ch\u00e8vres classiques (B\u00fbches, Faisselle, Brique&#8230;.)<\/li>\n<li>Pav\u00e9s aromatis\u00e9s (poivre, ail , \u00e9chalotte, figue, abricot&#8230;.)<\/li>\n<li>Sp\u00e9cialit\u00e9s pour l&rsquo;ap\u00e9ritif (bouchons, Petits palets)<\/li>\n<\/ul>\n<p>Mais aussi nos viandes et charcuterie de ch\u00e8vres (saucisse, merguez, Steack hach\u00e9, Rilletes et\u00a0 Terrine)<\/p>\n<p><img loading=\"lazy\" src=\"http:\/\/www.labernassiere.fr\/wp-content\/uploads\/2020\/10\/fromage_chevre-300x225.jpg\" width=\"263\" height=\"197\" alt=\"\" class=\"wp-image-112 alignnone size-medium\" \/><\/p>\n[\/et_pb_tab][et_pb_tab title=\u00a0\u00bbAire Camping-car\u00a0\u00bb _builder_version=\u00a0\u00bb4.6.6&Prime; _module_preset=\u00a0\u00bbdefault\u00a0\u00bb hover_enabled=\u00a0\u00bb0&Prime; sticky_enabled=\u00a0\u00bb0&Prime;]<p><img loading=\"lazy\" src=\"http:\/\/www.labernassiere.fr\/wp-content\/uploads\/2020\/10\/logo_france_passion-300x136.jpg\" width=\"144\" height=\"65\" alt=\"\" class=\"wp-image-113 alignnone size-medium\" srcset=\"https:\/\/www.labernassiere.fr\/wp-content\/uploads\/2020\/10\/logo_france_passion-300x136.jpg 300w, https:\/\/www.labernassiere.fr\/wp-content\/uploads\/2020\/10\/logo_france_passion.jpg 310w\" sizes=\"(max-width: 144px) 100vw, 144px\" \/><\/p>\n<p><span>La ferme de la Bernassi\u00e8re propose aux adh\u00e9rents du r\u00e9seau France Passion une aire de stationnement pour camping-cars. Elle est situ\u00e9e au milieu de notre installation.<\/span><\/p>\n<p><span><img loading=\"lazy\" src=\"http:\/\/www.labernassiere.fr\/wp-content\/uploads\/2020\/10\/bandeau_aire_camping_car_druye-300x90.jpg\" width=\"647\" height=\"194\" alt=\"\" class=\"wp-image-114 alignnone size-medium\" \/><\/span><\/p>\n[\/et_pb_tab][\/et_pb_tabs][\/et_pb_column][\/et_pb_row][\/et_pb_section]\n","protected":false},"excerpt":{"rendered":"","protected":false},"author":1,"featured_media":0,"parent":0,"menu_order":0,"comment_status":"closed","ping_status":"open","template":"","meta":{"_et_pb_use_builder":"on","_et_pb_old_content":"<!-- wp:paragraph -->\n<p>Ceci est une page d\u2019exemple. C\u2019est diff\u00e9rent d\u2019un article de blog parce qu\u2019elle restera au m\u00eame endroit et appara\u00eetra dans la navigation de votre site (dans la plupart des th\u00e8mes). La plupart des gens commencent par une page \u00ab&nbsp;\u00c0 propos&nbsp;\u00bb qui les pr\u00e9sente aux visiteurs du site. Cela pourrait ressembler \u00e0 quelque chose comme cela&nbsp;:<\/p>\n<!-- \/wp:paragraph -->\n\n<!-- wp:quote -->\n<blockquote class=\"wp-block-quote\"><p>Bonjour&nbsp;! Je suis un m\u00e9canicien qui aspire \u00e0 devenir acteur, et voici mon site. J\u2019habite \u00e0 Bordeaux, j\u2019ai un super chien baptis\u00e9 Russell, et j\u2019aime la vodka-ananas (ainsi qu\u2019\u00eatre surpris par la pluie soudaine lors de longues balades sur la plage au coucher du soleil).<\/p><\/blockquote>\n<!-- \/wp:quote -->\n\n<!-- wp:paragraph -->\n<p>... ou quelque chose comme cela&nbsp;:<\/p>\n<!-- \/wp:paragraph -->\n\n<!-- wp:quote -->\n<blockquote class=\"wp-block-quote\"><p>La soci\u00e9t\u00e9 123 Machin Truc a \u00e9t\u00e9 cr\u00e9\u00e9e en 1971, et n\u2019a cess\u00e9 de proposer au public des machins-trucs de qualit\u00e9 depuis lors. Situ\u00e9e \u00e0 Saint-Remy-en-Bouzemont-Saint-Genest-et-Isson, 123 Machin Truc emploie 2 000 personnes, et fabrique toutes sortes de bidules super pour la communaut\u00e9 bouzemontoise.<\/p><\/blockquote>\n<!-- \/wp:quote -->\n\n<!-- wp:paragraph -->\n<p>En tant que nouvel\u00b7le utilisateur ou utilisatrice de WordPress, vous devriez vous rendre sur <a href=\"http:\/\/www.labernassiere.fr\/wp-admin\/\">votre tableau de bord<\/a> pour supprimer cette page et cr\u00e9er de nouvelles pages pour votre contenu. Amusez-vous bien&nbsp;!<\/p>\n<!-- \/wp:paragraph -->","_et_gb_content_width":""},"_links":{"self":[{"href":"https:\/\/www.labernassiere.fr\/index.php\/wp-json\/wp\/v2\/pages\/2"}],"collection":[{"href":"https:\/\/www.labernassiere.fr\/index.php\/wp-json\/wp\/v2\/pages"}],"about":[{"href":"https:\/\/www.labernassiere.fr\/index.php\/wp-json\/wp\/v2\/types\/page"}],"author":[{"embeddable":true,"href":"https:\/\/www.labernassiere.fr\/index.php\/wp-json\/wp\/v2\/users\/1"}],"replies":[{"embeddable":true,"href":"https:\/\/www.labernassiere.fr\/index.php\/wp-json\/wp\/v2\/comments?post=2"}],"version-history":[{"count":16,"href":"https:\/\/www.labernassiere.fr\/index.php\/wp-json\/wp\/v2\/pages\/2\/revisions"}],"predecessor-version":[{"id":123,"href":"https:\/\/www.labernassiere.fr\/index.php\/wp-json\/wp\/v2\/pages\/2\/revisions\/123"}],"wp:attachment":[{"href":"https:\/\/www.labernassiere.fr\/index.php\/wp-json\/wp\/v2\/media?parent=2"}],"curies":[{"name":"wp","href":"https:\/\/api.w.org\/{rel}","templated":true}]}}