{"id":153,"date":"2020-11-15T14:51:17","date_gmt":"2020-11-15T13:51:17","guid":{"rendered":"http:\/\/www.labernassiere.fr\/?page_id=153"},"modified":"2020-11-15T15:37:27","modified_gmt":"2020-11-15T14:37:27","slug":"aire-camping-car","status":"publish","type":"page","link":"https:\/\/www.labernassiere.fr\/index.php\/aire-camping-car\/","title":{"rendered":"Aire Camping-Car"},"content":{"rendered":"<p>[et_pb_section fb_built=\u00a0\u00bb1&Prime; _builder_version=\u00a0\u00bb4.7.0&Prime; _module_preset=\u00a0\u00bbdefault\u00a0\u00bb][et_pb_row column_structure=\u00a0\u00bb1_3,2_3&Prime; _builder_version=\u00a0\u00bb4.7.0&Prime; _module_preset=\u00a0\u00bbdefault\u00a0\u00bb width=\u00a0\u00bb100%\u00a0\u00bb max_width=\u00a0\u00bb1365px\u00a0\u00bb][et_pb_column type=\u00a0\u00bb1_3&Prime; _builder_version=\u00a0\u00bb4.7.0&Prime; _module_preset=\u00a0\u00bbdefault\u00a0\u00bb][dimo_openstreetmap_module latitude=\u00a0\u00bb47.299459&Prime; longitude=\u00a0\u00bb0.525959&Prime; zoom=\u00a0\u00bb11.7&Prime; default_min_zoom=\u00a0\u00bb0&Prime; default_max_zoom=\u00a0\u00bb18&Prime; _builder_version=\u00a0\u00bb4.7.0&Prime; _module_preset=\u00a0\u00bbdefault\u00a0\u00bb][\/dimo_openstreetmap_module][\/et_pb_column][et_pb_column type=\u00a0\u00bb2_3&Prime; _builder_version=\u00a0\u00bb4.7.0&Prime; _module_preset=\u00a0\u00bbdefault\u00a0\u00bb][et_pb_text _builder_version=\u00a0\u00bb4.7.0&Prime; _module_preset=\u00a0\u00bbdefault\u00a0\u00bb]<\/p>\n<p>Bienvenue \u00e0 la ferme de la Bernassi\u00e8re, \u00e0 Druye qui est une commune de la m\u00e9tropole Tours Val de Loire. A proximit\u00e9 de notre ferme vous trouverez les ch\u00e2teaux de Langeais, Villandry, Azay le Rideau mais aussi la ville de Tours.<\/p>\n<p>Nous sommes adh\u00e9rents du r\u00e9seau France Passion qui privil\u00e9gie les \u00e9tapes natures pour vous faire d\u00e9couvrir le meilleur des terroirs fran\u00e7ais. Profitez de notre aire de repos situ\u00e9e au c\u0153ur de notre ferme et d\u00e9couvrez la ch\u00e8vrerie et nos produits locaux (fromage de ch\u00e8vre, charcuterie et viandes de ch\u00e8vre). Tous nos produits sont disponibles en vente directe \u00e0 la ferme dans notre magasin.<\/p>\n<p style=\"text-align: center;\"><img loading=\"lazy\" src=\"http:\/\/www.labernassiere.fr\/wp-content\/uploads\/2020\/10\/logo_france_passion-300x136.jpg\" width=\"300\" height=\"136\" alt=\"\" class=\"wp-image-113 alignnone size-medium\" srcset=\"https:\/\/www.labernassiere.fr\/wp-content\/uploads\/2020\/10\/logo_france_passion-300x136.jpg 300w, https:\/\/www.labernassiere.fr\/wp-content\/uploads\/2020\/10\/logo_france_passion.jpg 310w\" sizes=\"(max-width: 300px) 100vw, 300px\" \/><\/p>\n<p>[\/et_pb_text][\/et_pb_column][\/et_pb_row][et_pb_row _builder_version=\u00a0\u00bb4.7.0&Prime; _module_preset=\u00a0\u00bbdefault\u00a0\u00bb column_structure=\u00a0\u00bb1_3,1_3,1_3&Prime; width=\u00a0\u00bb100%\u00a0\u00bb max_width=\u00a0\u00bb1372px\u00a0\u00bb hover_enabled=\u00a0\u00bb0&Prime; sticky_enabled=\u00a0\u00bb0&Prime;][et_pb_column _builder_version=\u00a0\u00bb4.7.0&Prime; _module_preset=\u00a0\u00bbdefault\u00a0\u00bb type=\u00a0\u00bb1_3&Prime;][et_pb_image src=\u00a0\u00bbhttp:\/\/www.labernassiere.fr\/wp-content\/uploads\/2020\/11\/chateau_Azay_le_Rideaux.jpg\u00a0\u00bb _builder_version=\u00a0\u00bb4.7.0&Prime; _module_preset=\u00a0\u00bbdefault\u00a0\u00bb title_text=\u00a0\u00bbchateau_Azay_le_Rideaux\u00a0\u00bb hover_enabled=\u00a0\u00bb0&Prime; sticky_enabled=\u00a0\u00bb0&Prime;][\/et_pb_image][\/et_pb_column][et_pb_column _builder_version=\u00a0\u00bb4.7.0&Prime; _module_preset=\u00a0\u00bbdefault\u00a0\u00bb type=\u00a0\u00bb1_3&Prime;][et_pb_image src=\u00a0\u00bbhttp:\/\/www.labernassiere.fr\/wp-content\/uploads\/2020\/11\/Jardin_chateau_Villandry.jpg\u00a0\u00bb _builder_version=\u00a0\u00bb4.7.0&Prime; _module_preset=\u00a0\u00bbdefault\u00a0\u00bb title_text=\u00a0\u00bbJardin_chateau_Villandry\u00a0\u00bb hover_enabled=\u00a0\u00bb0&Prime; sticky_enabled=\u00a0\u00bb0&Prime;][\/et_pb_image][\/et_pb_column][et_pb_column _builder_version=\u00a0\u00bb4.7.0&Prime; _module_preset=\u00a0\u00bbdefault\u00a0\u00bb type=\u00a0\u00bb1_3&Prime;][et_pb_image src=\u00a0\u00bbhttp:\/\/www.labernassiere.fr\/wp-content\/uploads\/2020\/11\/chateau_Langeais.jpg\u00a0\u00bb _builder_version=\u00a0\u00bb4.7.0&Prime; _module_preset=\u00a0\u00bbdefault\u00a0\u00bb title_text=\u00a0\u00bbchateau_Langeais\u00a0\u00bb hover_enabled=\u00a0\u00bb0&Prime; sticky_enabled=\u00a0\u00bb0&Prime;][\/et_pb_image][\/et_pb_column][\/et_pb_row][\/et_pb_section]<\/p>\n","protected":false},"excerpt":{"rendered":"<p>[et_pb_section fb_built=\u00a0\u00bb1&Prime; _builder_version=\u00a0\u00bb4.7.0&Prime; _module_preset=\u00a0\u00bbdefault\u00a0\u00bb][et_pb_row column_structure=\u00a0\u00bb1_3,2_3&Prime; _builder_version=\u00a0\u00bb4.7.0&Prime; _module_preset=\u00a0\u00bbdefault\u00a0\u00bb width=\u00a0\u00bb100%\u00a0\u00bb max_width=\u00a0\u00bb1365px\u00a0\u00bb][et_pb_column type=\u00a0\u00bb1_3&Prime; _builder_version=\u00a0\u00bb4.7.0&Prime; _module_preset=\u00a0\u00bbdefault\u00a0\u00bb][dimo_openstreetmap_module latitude=\u00a0\u00bb47.299459&Prime; longitude=\u00a0\u00bb0.525959&Prime; zoom=\u00a0\u00bb11.7&Prime; default_min_zoom=\u00a0\u00bb0&Prime; default_max_zoom=\u00a0\u00bb18&Prime; _builder_version=\u00a0\u00bb4.7.0&Prime; _module_preset=\u00a0\u00bbdefault\u00a0\u00bb][\/dimo_openstreetmap_module][\/et_pb_column][et_pb_column type=\u00a0\u00bb2_3&Prime; _builder_version=\u00a0\u00bb4.7.0&Prime; _module_preset=\u00a0\u00bbdefault\u00a0\u00bb][et_pb_text _builder_version=\u00a0\u00bb4.7.0&Prime; _module_preset=\u00a0\u00bbdefault\u00a0\u00bb] Bienvenue \u00e0 la ferme de la Bernassi\u00e8re, \u00e0 Druye qui est une commune de la m\u00e9tropole Tours Val de Loire. A proximit\u00e9 de notre ferme vous trouverez les ch\u00e2teaux de Langeais, [&hellip;]<\/p>\n","protected":false},"author":1,"featured_media":0,"parent":0,"menu_order":0,"comment_status":"closed","ping_status":"closed","template":"","meta":{"_et_pb_use_builder":"on","_et_pb_old_content":"","_et_gb_content_width":""},"_links":{"self":[{"href":"https:\/\/www.labernassiere.fr\/index.php\/wp-json\/wp\/v2\/pages\/153"}],"collection":[{"href":"https:\/\/www.labernassiere.fr\/index.php\/wp-json\/wp\/v2\/pages"}],"about":[{"href":"https:\/\/www.labernassiere.fr\/index.php\/wp-json\/wp\/v2\/types\/page"}],"author":[{"embeddable":true,"href":"https:\/\/www.labernassiere.fr\/index.php\/wp-json\/wp\/v2\/users\/1"}],"replies":[{"embeddable":true,"href":"https:\/\/www.labernassiere.fr\/index.php\/wp-json\/wp\/v2\/comments?post=153"}],"version-history":[{"count":8,"href":"https:\/\/www.labernassiere.fr\/index.php\/wp-json\/wp\/v2\/pages\/153\/revisions"}],"predecessor-version":[{"id":183,"href":"https:\/\/www.labernassiere.fr\/index.php\/wp-json\/wp\/v2\/pages\/153\/revisions\/183"}],"wp:attachment":[{"href":"https:\/\/www.labernassiere.fr\/index.php\/wp-json\/wp\/v2\/media?parent=153"}],"curies":[{"name":"wp","href":"https:\/\/api.w.org\/{rel}","templated":true}]}}